{"id":25980408,"date":"2024-07-31T15:18:01","date_gmt":"2024-07-31T13:18:01","guid":{"rendered":"https:\/\/www.kredo.swiss\/investoren\/"},"modified":"2024-09-23T17:51:45","modified_gmt":"2024-09-23T15:51:45","slug":"investoren","status":"publish","type":"page","link":"https:\/\/www.kredo.swiss\/de\/investoren\/","title":{"rendered":"Investoren"},"content":{"rendered":"<p>[et_pb_section fb_built=&#8220;1&#8243; custom_padding_last_edited=&#8220;on|tablet&#8220; _builder_version=&#8220;4.27.0&#8243; _module_preset=&#8220;default&#8220; background_color=&#8220;#F4F8F9&#8243; custom_padding=&#8220;200px||||false|false&#8220; custom_padding_tablet=&#8220;50px||||false|false&#8220; custom_padding_phone=&#8220;50px||||false|false&#8220; global_colors_info=&#8220;{}&#8220;][et_pb_row _builder_version=&#8220;4.27.0&#8243; _module_preset=&#8220;default&#8220; width=&#8220;100%&#8220; max_width=&#8220;85%&#8220; global_colors_info=&#8220;{}&#8220;][et_pb_column type=&#8220;4_4&#8243; _builder_version=&#8220;4.27.0&#8243; _module_preset=&#8220;default&#8220; global_colors_info=&#8220;{}&#8220;][et_pb_text _builder_version=&#8220;4.27.0&#8243; _module_preset=&#8220;default&#8220; global_colors_info=&#8220;{}&#8220;]<\/p>\n<h1>Die erste Investition, die ausschlie\u00dflich der Finanzierung von Schweizer KMU gewidmet ist<\/p>\n<\/h1>\n<p>[\/et_pb_text][et_pb_text _builder_version=&#8220;4.27.0&#8243; _module_preset=&#8220;default&#8220; text_font_size=&#8220;24px&#8220; text_line_height=&#8220;28px&#8220; text_font_size_tablet=&#8220;24px&#8220; text_font_size_phone=&#8220;20px&#8220; text_font_size_last_edited=&#8220;on|phone&#8220; global_colors_info=&#8220;{}&#8220;]<\/p>\n<p>Kredo Debt Fund I ist eine einzigartige Gelegenheit f\u00fcr qualifizierte Anleger, Zugang zu CHF-Privatschulden in einer besonders widerstandsf\u00e4higen Wirtschaft zu erhalten.<\/p>\n<p>[\/et_pb_text][\/et_pb_column][\/et_pb_row][et_pb_row column_structure=&#8220;1_2,1_2&#8243; use_custom_gutter=&#8220;on&#8220; _builder_version=&#8220;4.27.0&#8243; _module_preset=&#8220;default&#8220; background_color=&#8220;RGBA(255,255,255,0)&#8220; width=&#8220;100%&#8220; max_width=&#8220;85%&#8220; custom_css_main_element=&#8220; display: flex;||  justify-content: center;||  align-items: center;&#8220; global_colors_info=&#8220;{}&#8220; custom_css_main_element_last_edited=&#8220;on|tablet&#8220; custom_css_main_element_tablet=&#8220;\/**\/&#8220; custom_css_main_element_phone=&#8220;\/**\/&#8220;][et_pb_column type=&#8220;1_2&#8243; _builder_version=&#8220;4.27.0&#8243; _module_preset=&#8220;default&#8220; global_colors_info=&#8220;{}&#8220;][et_pb_text _builder_version=&#8220;4.27.0&#8243; _module_preset=&#8220;default&#8220; text_font=&#8220;|600|||||||&#8220; text_text_color=&#8220;#41515A&#8220; text_font_size=&#8220;48px&#8220; text_line_height=&#8220;0.9em&#8220; custom_padding=&#8220;||||false|false&#8220; global_colors_info=&#8220;{}&#8220;]<\/p>\n<h2>Der Kredo Debt Fund I in zwei Worten<\/h2>\n<p>[\/et_pb_text][et_pb_text module_class=&#8220;puce&#8220; _builder_version=&#8220;4.27.0&#8243; _module_preset=&#8220;default&#8220; hover_enabled=&#8220;0&#8243; global_colors_info=&#8220;{}&#8220; sticky_enabled=&#8220;0&#8243;]<\/p>\n<ul>\n<li>Eine Investition, die von den Finanzm\u00e4rkten abgekoppelt ist und \u00fcber die Unterst\u00fctzung des R\u00fcckgrats der Schweiz &#8211; ihrer KMU &#8211; eine starke Wirkung erzielt.<\/li>\n<li>Ein sehr interessantes Risiko-Rendite-Profil, das mit einer attraktiven Rendite in CHF einhergeht.<\/li>\n<li>Eine starke Risikodiversifizierung durch eine Vielzahl von Kreditnehmern und Darlehen.<\/li>\n<li>Ein kalibriertes Risikomanagement durch Fachleute mit langj\u00e4hriger Branchenerfahrung.<\/li>\n<li>Volle Transparenz f\u00fcr die Anleger mit monatlicher Berichterstattung und Nettoinventarwert sowie einer ISIN zur Konsolidierung der Position im Portfolio (ISIN LU2599887309).<\/li>\n<li>Eine moderne und flexible Investmentfondsstruktur, die unabh\u00e4ngig mit erstklassigen Partnern verwaltet wird.<\/li>\n<\/ul>\n<p>[\/et_pb_text][\/et_pb_column][et_pb_column type=&#8220;1_2&#8243; _builder_version=&#8220;4.27.0&#8243; _module_preset=&#8220;default&#8220; global_colors_info=&#8220;{}&#8220;][et_pb_image src=&#8220;https:\/\/www.kredo.swiss\/wp-content\/uploads\/2024\/08\/visuel-01-1.png&#8220; title_text=&#8220;visuel-01-1&#8243; align=&#8220;center&#8220; _builder_version=&#8220;4.27.0&#8243; _module_preset=&#8220;default&#8220; global_colors_info=&#8220;{}&#8220;][\/et_pb_image][\/et_pb_column][\/et_pb_row][\/et_pb_section][et_pb_section fb_built=&#8220;1&#8243; _builder_version=&#8220;4.27.0&#8243; _module_preset=&#8220;default&#8220; use_background_color_gradient=&#8220;on&#8220; background_color_gradient_stops=&#8220;#f4f8f9 0%|#ffffff 100%&#8220; global_colors_info=&#8220;{}&#8220;][et_pb_row _builder_version=&#8220;4.27.0&#8243; _module_preset=&#8220;default&#8220; width=&#8220;100%&#8220; max_width=&#8220;85%&#8220; global_colors_info=&#8220;{}&#8220;][et_pb_column type=&#8220;4_4&#8243; _builder_version=&#8220;4.27.0&#8243; _module_preset=&#8220;default&#8220; global_colors_info=&#8220;{}&#8220;][et_pb_image src=&#8220;https:\/\/www.kredo.swiss\/wp-content\/uploads\/2024\/09\/Diapositive3.png&#8220; title_text=&#8220;Diapositive3&#8243; align=&#8220;center&#8220; _builder_version=&#8220;4.27.0&#8243; _module_preset=&#8220;default&#8220; module_alignment=&#8220;center&#8220; global_colors_info=&#8220;{}&#8220;][\/et_pb_image][\/et_pb_column][\/et_pb_row][\/et_pb_section][et_pb_section fb_built=&#8220;1&#8243; _builder_version=&#8220;4.27.0&#8243; _module_preset=&#8220;default&#8220; custom_padding=&#8220;100px||100px||true|false&#8220; saved_tabs=&#8220;all&#8220; global_colors_info=&#8220;{}&#8220;][et_pb_row column_structure=&#8220;1_5,3_5,1_5&#8243; _builder_version=&#8220;4.27.0&#8243; _module_preset=&#8220;default&#8220; global_colors_info=&#8220;{}&#8220;][et_pb_column type=&#8220;1_5&#8243; _builder_version=&#8220;4.27.0&#8243; _module_preset=&#8220;default&#8220; global_colors_info=&#8220;{}&#8220;][\/et_pb_column][et_pb_column type=&#8220;3_5&#8243; _builder_version=&#8220;4.27.0&#8243; _module_preset=&#8220;default&#8220; global_colors_info=&#8220;{}&#8220;][et_pb_text _builder_version=&#8220;4.27.0&#8243; _module_preset=&#8220;default&#8220; text_font=&#8220;&#8211;et_global_body_font|700|||||||&#8220; text_font_size=&#8220;64px&#8220; text_orientation=&#8220;center&#8220; text_line_height_tablet=&#8220;1em&#8220; text_line_height_phone=&#8220;1em&#8220; text_line_height_last_edited=&#8220;on|tablet&#8220; global_colors_info=&#8220;{}&#8220;]<\/p>\n<h2>Interessiert? <\/h2>\n<p>[\/et_pb_text][et_pb_text _builder_version=&#8220;4.27.0&#8243; _module_preset=&#8220;default&#8220; text_orientation=&#8220;center&#8220; global_colors_info=&#8220;{}&#8220;]Z\u00f6gern Sie nicht, f\u00fcr eine ausf\u00fchrliche Pr\u00e4sentation Kontakt aufzunehmen.[\/et_pb_text][et_pb_button button_url=&#8220;@ET-DC@eyJkeW5hbWljIjp0cnVlLCJjb250ZW50IjoicG9zdF9saW5rX3VybF9wYWdlIiwic2V0dGluZ3MiOnsicG9zdF9pZCI6IjI1OTgwMjM1In19@&#8220; button_text=&#8220;Kontaktieren Sie uns&#8220; button_alignment=&#8220;center&#8220; _builder_version=&#8220;4.27.0&#8243; _dynamic_attributes=&#8220;button_url&#8220; _module_preset=&#8220;default&#8220; custom_button=&#8220;on&#8220; button_text_size=&#8220;16px&#8220; button_text_color=&#8220;#FFFFFF&#8220; button_bg_color=&#8220;#2DA81A&#8220; button_border_color=&#8220;#2DA81A&#8220; button_border_radius=&#8220;8px&#8220; button_icon=&#8220;&#x35;||divi||400&#8243; button_on_hover=&#8220;off&#8220; custom_padding=&#8220;16px|35px|16px|35px|true|true&#8220; global_colors_info=&#8220;{}&#8220; button_text_color__hover_enabled=&#8220;on|desktop&#8220; button_text_color__hover=&#8220;#2DA81A&#8220; button_bg_color__hover_enabled=&#8220;on|hover&#8220; button_bg_color__hover=&#8220;RGBA(255,255,255,0)&#8220; button_bg_enable_color__hover=&#8220;on&#8220;][\/et_pb_button][\/et_pb_column][et_pb_column type=&#8220;1_5&#8243; _builder_version=&#8220;4.27.0&#8243; _module_preset=&#8220;default&#8220; global_colors_info=&#8220;{}&#8220;][\/et_pb_column][\/et_pb_row][\/et_pb_section]<\/p>\n","protected":false},"excerpt":{"rendered":"<p>Die erste Investition, die ausschlie\u00dflich der Finanzierung von Schweizer KMU gewidmet ist Kredo Debt Fund I ist eine einzigartige Gelegenheit f\u00fcr qualifizierte Anleger, Zugang zu CHF-Privatschulden in einer besonders widerstandsf\u00e4higen Wirtschaft zu erhalten.Der Kredo Debt Fund I in zwei Worten Eine Investition, die von den Finanzm\u00e4rkten abgekoppelt ist und \u00fcber die Unterst\u00fctzung des R\u00fcckgrats der [&hellip;]<\/p>\n","protected":false},"author":1,"featured_media":0,"parent":0,"menu_order":0,"comment_status":"closed","ping_status":"closed","template":"","meta":{"_et_pb_use_builder":"on","_et_pb_old_content":"","_et_gb_content_width":"","footnotes":""},"dipi_cpt_category":[],"class_list":["post-25980408","page","type-page","status-publish","hentry"],"yoast_head":"<!-- This site is optimized with the Yoast SEO plugin v27.2 - https:\/\/yoast.com\/product\/yoast-seo-wordpress\/ -->\n<title>Investoren - Kredo<\/title>\n<meta name=\"robots\" content=\"index, follow, max-snippet:-1, max-image-preview:large, max-video-preview:-1\" \/>\n<link rel=\"canonical\" href=\"https:\/\/www.kredo.swiss\/de\/investoren\/\" \/>\n<meta property=\"og:locale\" content=\"de_DE\" \/>\n<meta property=\"og:type\" content=\"article\" \/>\n<meta property=\"og:title\" content=\"Investoren - Kredo\" \/>\n<meta property=\"og:description\" content=\"Die erste Investition, die ausschlie\u00dflich der Finanzierung von Schweizer KMU gewidmet ist Kredo Debt Fund I ist eine einzigartige Gelegenheit f\u00fcr qualifizierte Anleger, Zugang zu CHF-Privatschulden in einer besonders widerstandsf\u00e4higen Wirtschaft zu erhalten.Der Kredo Debt Fund I in zwei Worten Eine Investition, die von den Finanzm\u00e4rkten abgekoppelt ist und \u00fcber die Unterst\u00fctzung des R\u00fcckgrats der [&hellip;]\" \/>\n<meta property=\"og:url\" content=\"https:\/\/www.kredo.swiss\/de\/investoren\/\" \/>\n<meta property=\"og:site_name\" content=\"Kredo\" \/>\n<meta property=\"article:modified_time\" content=\"2024-09-23T15:51:45+00:00\" \/>\n<meta name=\"twitter:card\" content=\"summary_large_image\" \/>\n<meta name=\"twitter:label1\" content=\"Gesch\u00e4tzte Lesezeit\" \/>\n\t<meta name=\"twitter:data1\" content=\"4\u00a0Minuten\" \/>\n<script type=\"application\/ld+json\" class=\"yoast-schema-graph\">{\"@context\":\"https:\/\/schema.org\",\"@graph\":[{\"@type\":\"WebPage\",\"@id\":\"https:\/\/www.kredo.swiss\/de\/investoren\/\",\"url\":\"https:\/\/www.kredo.swiss\/de\/investoren\/\",\"name\":\"Investoren - Kredo\",\"isPartOf\":{\"@id\":\"https:\/\/www.kredo.swiss\/de\/#website\"},\"datePublished\":\"2024-07-31T13:18:01+00:00\",\"dateModified\":\"2024-09-23T15:51:45+00:00\",\"breadcrumb\":{\"@id\":\"https:\/\/www.kredo.swiss\/de\/investoren\/#breadcrumb\"},\"inLanguage\":\"de\",\"potentialAction\":[{\"@type\":\"ReadAction\",\"target\":[\"https:\/\/www.kredo.swiss\/de\/investoren\/\"]}]},{\"@type\":\"BreadcrumbList\",\"@id\":\"https:\/\/www.kredo.swiss\/de\/investoren\/#breadcrumb\",\"itemListElement\":[{\"@type\":\"ListItem\",\"position\":1,\"name\":\"Accueil\",\"item\":\"https:\/\/www.kredo.swiss\/de\/\"},{\"@type\":\"ListItem\",\"position\":2,\"name\":\"Investoren\"}]},{\"@type\":\"WebSite\",\"@id\":\"https:\/\/www.kredo.swiss\/de\/#website\",\"url\":\"https:\/\/www.kredo.swiss\/de\/\",\"name\":\"Kredo\",\"description\":\"Kredit f\u00fcr Ihre Ambitionen\",\"publisher\":{\"@id\":\"https:\/\/www.kredo.swiss\/de\/#organization\"},\"potentialAction\":[{\"@type\":\"SearchAction\",\"target\":{\"@type\":\"EntryPoint\",\"urlTemplate\":\"https:\/\/www.kredo.swiss\/de\/?s={search_term_string}\"},\"query-input\":{\"@type\":\"PropertyValueSpecification\",\"valueRequired\":true,\"valueName\":\"search_term_string\"}}],\"inLanguage\":\"de\"},{\"@type\":\"Organization\",\"@id\":\"https:\/\/www.kredo.swiss\/de\/#organization\",\"name\":\"Kredo\",\"url\":\"https:\/\/www.kredo.swiss\/de\/\",\"logo\":{\"@type\":\"ImageObject\",\"inLanguage\":\"de\",\"@id\":\"https:\/\/www.kredo.swiss\/de\/#\/schema\/logo\/image\/\",\"url\":\"https:\/\/www.kredo.swiss\/wp-content\/uploads\/2024\/08\/Pantone_Kredo_logo_wordmark.png\",\"contentUrl\":\"https:\/\/www.kredo.swiss\/wp-content\/uploads\/2024\/08\/Pantone_Kredo_logo_wordmark.png\",\"width\":1113,\"height\":209,\"caption\":\"Kredo\"},\"image\":{\"@id\":\"https:\/\/www.kredo.swiss\/de\/#\/schema\/logo\/image\/\"},\"sameAs\":[\"https:\/\/ch.linkedin.com\/company\/kredo-swiss\"]}]}<\/script>\n<!-- \/ Yoast SEO plugin. -->","yoast_head_json":{"title":"Investoren - Kredo","robots":{"index":"index","follow":"follow","max-snippet":"max-snippet:-1","max-image-preview":"max-image-preview:large","max-video-preview":"max-video-preview:-1"},"canonical":"https:\/\/www.kredo.swiss\/de\/investoren\/","og_locale":"de_DE","og_type":"article","og_title":"Investoren - Kredo","og_description":"Die erste Investition, die ausschlie\u00dflich der Finanzierung von Schweizer KMU gewidmet ist Kredo Debt Fund I ist eine einzigartige Gelegenheit f\u00fcr qualifizierte Anleger, Zugang zu CHF-Privatschulden in einer besonders widerstandsf\u00e4higen Wirtschaft zu erhalten.Der Kredo Debt Fund I in zwei Worten Eine Investition, die von den Finanzm\u00e4rkten abgekoppelt ist und \u00fcber die Unterst\u00fctzung des R\u00fcckgrats der [&hellip;]","og_url":"https:\/\/www.kredo.swiss\/de\/investoren\/","og_site_name":"Kredo","article_modified_time":"2024-09-23T15:51:45+00:00","twitter_card":"summary_large_image","twitter_misc":{"Gesch\u00e4tzte Lesezeit":"4\u00a0Minuten"},"schema":{"@context":"https:\/\/schema.org","@graph":[{"@type":"WebPage","@id":"https:\/\/www.kredo.swiss\/de\/investoren\/","url":"https:\/\/www.kredo.swiss\/de\/investoren\/","name":"Investoren - Kredo","isPartOf":{"@id":"https:\/\/www.kredo.swiss\/de\/#website"},"datePublished":"2024-07-31T13:18:01+00:00","dateModified":"2024-09-23T15:51:45+00:00","breadcrumb":{"@id":"https:\/\/www.kredo.swiss\/de\/investoren\/#breadcrumb"},"inLanguage":"de","potentialAction":[{"@type":"ReadAction","target":["https:\/\/www.kredo.swiss\/de\/investoren\/"]}]},{"@type":"BreadcrumbList","@id":"https:\/\/www.kredo.swiss\/de\/investoren\/#breadcrumb","itemListElement":[{"@type":"ListItem","position":1,"name":"Accueil","item":"https:\/\/www.kredo.swiss\/de\/"},{"@type":"ListItem","position":2,"name":"Investoren"}]},{"@type":"WebSite","@id":"https:\/\/www.kredo.swiss\/de\/#website","url":"https:\/\/www.kredo.swiss\/de\/","name":"Kredo","description":"Kredit f\u00fcr Ihre Ambitionen","publisher":{"@id":"https:\/\/www.kredo.swiss\/de\/#organization"},"potentialAction":[{"@type":"SearchAction","target":{"@type":"EntryPoint","urlTemplate":"https:\/\/www.kredo.swiss\/de\/?s={search_term_string}"},"query-input":{"@type":"PropertyValueSpecification","valueRequired":true,"valueName":"search_term_string"}}],"inLanguage":"de"},{"@type":"Organization","@id":"https:\/\/www.kredo.swiss\/de\/#organization","name":"Kredo","url":"https:\/\/www.kredo.swiss\/de\/","logo":{"@type":"ImageObject","inLanguage":"de","@id":"https:\/\/www.kredo.swiss\/de\/#\/schema\/logo\/image\/","url":"https:\/\/www.kredo.swiss\/wp-content\/uploads\/2024\/08\/Pantone_Kredo_logo_wordmark.png","contentUrl":"https:\/\/www.kredo.swiss\/wp-content\/uploads\/2024\/08\/Pantone_Kredo_logo_wordmark.png","width":1113,"height":209,"caption":"Kredo"},"image":{"@id":"https:\/\/www.kredo.swiss\/de\/#\/schema\/logo\/image\/"},"sameAs":["https:\/\/ch.linkedin.com\/company\/kredo-swiss"]}]}},"_links":{"self":[{"href":"https:\/\/www.kredo.swiss\/de\/wp-json\/wp\/v2\/pages\/25980408","targetHints":{"allow":["GET"]}}],"collection":[{"href":"https:\/\/www.kredo.swiss\/de\/wp-json\/wp\/v2\/pages"}],"about":[{"href":"https:\/\/www.kredo.swiss\/de\/wp-json\/wp\/v2\/types\/page"}],"author":[{"embeddable":true,"href":"https:\/\/www.kredo.swiss\/de\/wp-json\/wp\/v2\/users\/1"}],"replies":[{"embeddable":true,"href":"https:\/\/www.kredo.swiss\/de\/wp-json\/wp\/v2\/comments?post=25980408"}],"version-history":[{"count":16,"href":"https:\/\/www.kredo.swiss\/de\/wp-json\/wp\/v2\/pages\/25980408\/revisions"}],"predecessor-version":[{"id":25981156,"href":"https:\/\/www.kredo.swiss\/de\/wp-json\/wp\/v2\/pages\/25980408\/revisions\/25981156"}],"wp:attachment":[{"href":"https:\/\/www.kredo.swiss\/de\/wp-json\/wp\/v2\/media?parent=25980408"}],"wp:term":[{"taxonomy":"dipi_cpt_category","embeddable":true,"href":"https:\/\/www.kredo.swiss\/de\/wp-json\/wp\/v2\/dipi_cpt_category?post=25980408"}],"curies":[{"name":"wp","href":"https:\/\/api.w.org\/{rel}","templated":true}]}}